{"id":5449,"date":"2025-12-22T08:27:19","date_gmt":"2025-12-22T08:27:19","guid":{"rendered":"https:\/\/valeriabellantuono.it\/?post_type=product&#038;p=5449"},"modified":"2026-04-08T16:15:17","modified_gmt":"2026-04-08T16:15:17","slug":"il-respiro-del-mare-a-primavera","status":"publish","type":"product","link":"https:\/\/valeriabellantuono.it\/index.php\/prodotto\/il-respiro-del-mare-a-primavera\/","title":{"rendered":"Il respiro del mare a primavera"},"content":{"rendered":"<h3>Il respiro del mare a primavera<\/h3>\n<p>&#8220;<em>E c\u2019\u00e8 tutta questa nuova primavera da andarsi a prendere oltre il grigio del cielo. Una stagione pastello da disegnarci insieme<\/em>&#8221;<\/p>\n<p>Mattine soleggiate, fiori che sbocciano e invadono le strade con il loro profumo &#8230; la primavera sa di rinascita, quella della natura, ma anche la nostra. La primavera \u00e9 una delle stagioni pi\u00f9 amate anche perch\u00e9 porta calore dopo il freddo dell\u2019inverno ed \u00e8 spesso associata a sentimenti e sensazioni positive: rinascita, vitalit\u00e0 e prosperit\u00e0.<br \/>\nL\u2019assenza di folla, di movida, di caos e traffico permette ancora di godersi la spiaggia e la pineta adiacente con estrema calma. In poche parole significa riuscire a stare bene con poco!<\/p>\n<h3>Il nostro itinerario<\/h3>\n<p>Oggi ti propongo un itinerario rilassante per respirare aria di mare in totale tranquillit\u00e0. Partiremo a piedi dal Lido delle Nazioni, ci ritaglieremo del tempo per svolgere esercizi di respirazione in riva al mare e passo dopo passo, respiro dopo respiro, raggiungeremo il Lido di Volano. Qui ristoreremo le nostre stanche membra con pranzo al sacco per poi riprendere la strada del ritorno.<\/p>\n<p>&nbsp;<\/p>\n","protected":false},"excerpt":{"rendered":"<p>Una passeggiata rilassante per respirare aria di mare in totale tranquillit\u00e0, lontani dalla frenesia cittadina, un vero toccasana per la mente ed il corpo!<\/p>\n","protected":false},"featured_media":6150,"template":"","meta":{"_acf_changed":false},"product_brand":[],"product_cat":[38],"product_tag":[54,118,53,114,56],"class_list":{"0":"post-5449","1":"product","2":"type-product","3":"status-publish","4":"has-post-thumbnail","6":"product_cat-escursioni-giornaliere-passate","7":"product_tag-escursione-facile","8":"product_tag-pasquetta","9":"product_tag-passeggiata","10":"product_tag-primavera","11":"product_tag-respirazione","13":"first","14":"instock","15":"shipping-taxable","16":"purchasable","17":"product-type-variable"},"acf":[],"yoast_head":"<!-- This site is optimized with the Yoast SEO plugin v27.3 - https:\/\/yoast.com\/product\/yoast-seo-wordpress\/ -->\n<title>Il respiro del mare a primavera - Valeria Bellantuono Experience<\/title>\n<meta name=\"description\" content=\"Una passeggiata rilassante per respirare aria di mare in totale tranquillit\u00e0, un vero toccasana per la mente ed il corpo!\" \/>\n<meta name=\"robots\" content=\"index, follow, max-snippet:-1, max-image-preview:large, max-video-preview:-1\" \/>\n<link rel=\"canonical\" href=\"https:\/\/valeriabellantuono.it\/index.php\/prodotto\/il-respiro-del-mare-a-primavera\/\" \/>\n<meta property=\"og:locale\" content=\"it_IT\" \/>\n<meta property=\"og:type\" content=\"article\" \/>\n<meta property=\"og:title\" content=\"Il respiro del mare a primavera - Valeria Bellantuono Experience\" \/>\n<meta property=\"og:description\" content=\"Una passeggiata rilassante per respirare aria di mare in totale tranquillit\u00e0, un vero toccasana per la mente ed il corpo!\" \/>\n<meta property=\"og:url\" content=\"https:\/\/valeriabellantuono.it\/index.php\/prodotto\/il-respiro-del-mare-a-primavera\/\" \/>\n<meta property=\"og:site_name\" content=\"Valeria Bellantuono Experience\" \/>\n<meta property=\"article:publisher\" content=\"https:\/\/www.facebook.com\/vale.bellantuono\" \/>\n<meta property=\"article:modified_time\" content=\"2026-04-08T16:15:17+00:00\" \/>\n<meta property=\"og:image\" content=\"https:\/\/valeriabellantuono.it\/wp-content\/uploads\/2025\/12\/mare-ok-e1775664896596.png\" \/>\n\t<meta property=\"og:image:width\" content=\"614\" \/>\n\t<meta property=\"og:image:height\" content=\"614\" \/>\n\t<meta property=\"og:image:type\" content=\"image\/png\" \/>\n<meta name=\"twitter:card\" content=\"summary_large_image\" \/>\n<meta name=\"twitter:label1\" content=\"Tempo di lettura stimato\" \/>\n\t<meta name=\"twitter:data1\" content=\"2 minuti\" \/>\n<script type=\"application\/ld+json\" class=\"yoast-schema-graph\">{\"@context\":\"https:\\\/\\\/schema.org\",\"@graph\":[{\"@type\":\"WebPage\",\"@id\":\"https:\\\/\\\/valeriabellantuono.it\\\/index.php\\\/prodotto\\\/il-respiro-del-mare-a-primavera\\\/\",\"url\":\"https:\\\/\\\/valeriabellantuono.it\\\/index.php\\\/prodotto\\\/il-respiro-del-mare-a-primavera\\\/\",\"name\":\"Il respiro del mare a primavera - Valeria Bellantuono Experience\",\"isPartOf\":{\"@id\":\"https:\\\/\\\/valeriabellantuono.it\\\/#website\"},\"primaryImageOfPage\":{\"@id\":\"https:\\\/\\\/valeriabellantuono.it\\\/index.php\\\/prodotto\\\/il-respiro-del-mare-a-primavera\\\/#primaryimage\"},\"image\":{\"@id\":\"https:\\\/\\\/valeriabellantuono.it\\\/index.php\\\/prodotto\\\/il-respiro-del-mare-a-primavera\\\/#primaryimage\"},\"thumbnailUrl\":\"https:\\\/\\\/valeriabellantuono.it\\\/wp-content\\\/uploads\\\/2025\\\/12\\\/mare-ok-e1775664896596.png\",\"datePublished\":\"2025-12-22T08:27:19+00:00\",\"dateModified\":\"2026-04-08T16:15:17+00:00\",\"description\":\"Una passeggiata rilassante per respirare aria di mare in totale tranquillit\u00e0, un vero toccasana per la mente ed il corpo!\",\"breadcrumb\":{\"@id\":\"https:\\\/\\\/valeriabellantuono.it\\\/index.php\\\/prodotto\\\/il-respiro-del-mare-a-primavera\\\/#breadcrumb\"},\"inLanguage\":\"it-IT\",\"potentialAction\":[{\"@type\":\"ReadAction\",\"target\":[\"https:\\\/\\\/valeriabellantuono.it\\\/index.php\\\/prodotto\\\/il-respiro-del-mare-a-primavera\\\/\"]}]},{\"@type\":\"ImageObject\",\"inLanguage\":\"it-IT\",\"@id\":\"https:\\\/\\\/valeriabellantuono.it\\\/index.php\\\/prodotto\\\/il-respiro-del-mare-a-primavera\\\/#primaryimage\",\"url\":\"https:\\\/\\\/valeriabellantuono.it\\\/wp-content\\\/uploads\\\/2025\\\/12\\\/mare-ok-e1775664896596.png\",\"contentUrl\":\"https:\\\/\\\/valeriabellantuono.it\\\/wp-content\\\/uploads\\\/2025\\\/12\\\/mare-ok-e1775664896596.png\",\"width\":614,\"height\":614,\"caption\":\"pasquetta al mare 2026\"},{\"@type\":\"BreadcrumbList\",\"@id\":\"https:\\\/\\\/valeriabellantuono.it\\\/index.php\\\/prodotto\\\/il-respiro-del-mare-a-primavera\\\/#breadcrumb\",\"itemListElement\":[{\"@type\":\"ListItem\",\"position\":1,\"name\":\"Home\",\"item\":\"https:\\\/\\\/valeriabellantuono.it\\\/\"},{\"@type\":\"ListItem\",\"position\":2,\"name\":\"Esperienze\",\"item\":\"https:\\\/\\\/valeriabellantuono.it\\\/index.php\\\/negozio\\\/\"},{\"@type\":\"ListItem\",\"position\":3,\"name\":\"Il respiro del mare a primavera\"}]},{\"@type\":\"WebSite\",\"@id\":\"https:\\\/\\\/valeriabellantuono.it\\\/#website\",\"url\":\"https:\\\/\\\/valeriabellantuono.it\\\/\",\"name\":\"Valeria Bellantuono Experience\",\"description\":\"Escursioni, viaggi e benessere del corpo e della mente\",\"publisher\":{\"@id\":\"https:\\\/\\\/valeriabellantuono.it\\\/#organization\"},\"potentialAction\":[{\"@type\":\"SearchAction\",\"target\":{\"@type\":\"EntryPoint\",\"urlTemplate\":\"https:\\\/\\\/valeriabellantuono.it\\\/?s={search_term_string}\"},\"query-input\":{\"@type\":\"PropertyValueSpecification\",\"valueRequired\":true,\"valueName\":\"search_term_string\"}}],\"inLanguage\":\"it-IT\"},{\"@type\":\"Organization\",\"@id\":\"https:\\\/\\\/valeriabellantuono.it\\\/#organization\",\"name\":\"Valeria Bellantuono Experience\",\"url\":\"https:\\\/\\\/valeriabellantuono.it\\\/\",\"logo\":{\"@type\":\"ImageObject\",\"inLanguage\":\"it-IT\",\"@id\":\"https:\\\/\\\/valeriabellantuono.it\\\/#\\\/schema\\\/logo\\\/image\\\/\",\"url\":\"https:\\\/\\\/valeriabellantuono.it\\\/wp-content\\\/uploads\\\/2023\\\/08\\\/logo-compatto.png\",\"contentUrl\":\"https:\\\/\\\/valeriabellantuono.it\\\/wp-content\\\/uploads\\\/2023\\\/08\\\/logo-compatto.png\",\"width\":881,\"height\":342,\"caption\":\"Valeria Bellantuono Experience\"},\"image\":{\"@id\":\"https:\\\/\\\/valeriabellantuono.it\\\/#\\\/schema\\\/logo\\\/image\\\/\"},\"sameAs\":[\"https:\\\/\\\/www.facebook.com\\\/vale.bellantuono\",\"https:\\\/\\\/www.instagram.com\\\/valeria.bellantuono\\\/\"]}]}<\/script>\n<!-- \/ Yoast SEO plugin. -->","yoast_head_json":{"title":"Il respiro del mare a primavera - Valeria Bellantuono Experience","description":"Una passeggiata rilassante per respirare aria di mare in totale tranquillit\u00e0, un vero toccasana per la mente ed il corpo!","robots":{"index":"index","follow":"follow","max-snippet":"max-snippet:-1","max-image-preview":"max-image-preview:large","max-video-preview":"max-video-preview:-1"},"canonical":"https:\/\/valeriabellantuono.it\/index.php\/prodotto\/il-respiro-del-mare-a-primavera\/","og_locale":"it_IT","og_type":"article","og_title":"Il respiro del mare a primavera - Valeria Bellantuono Experience","og_description":"Una passeggiata rilassante per respirare aria di mare in totale tranquillit\u00e0, un vero toccasana per la mente ed il corpo!","og_url":"https:\/\/valeriabellantuono.it\/index.php\/prodotto\/il-respiro-del-mare-a-primavera\/","og_site_name":"Valeria Bellantuono Experience","article_publisher":"https:\/\/www.facebook.com\/vale.bellantuono","article_modified_time":"2026-04-08T16:15:17+00:00","og_image":[{"width":614,"height":614,"url":"https:\/\/valeriabellantuono.it\/wp-content\/uploads\/2025\/12\/mare-ok-e1775664896596.png","type":"image\/png"}],"twitter_card":"summary_large_image","twitter_misc":{"Tempo di lettura stimato":"2 minuti"},"schema":{"@context":"https:\/\/schema.org","@graph":[{"@type":"WebPage","@id":"https:\/\/valeriabellantuono.it\/index.php\/prodotto\/il-respiro-del-mare-a-primavera\/","url":"https:\/\/valeriabellantuono.it\/index.php\/prodotto\/il-respiro-del-mare-a-primavera\/","name":"Il respiro del mare a primavera - Valeria Bellantuono Experience","isPartOf":{"@id":"https:\/\/valeriabellantuono.it\/#website"},"primaryImageOfPage":{"@id":"https:\/\/valeriabellantuono.it\/index.php\/prodotto\/il-respiro-del-mare-a-primavera\/#primaryimage"},"image":{"@id":"https:\/\/valeriabellantuono.it\/index.php\/prodotto\/il-respiro-del-mare-a-primavera\/#primaryimage"},"thumbnailUrl":"https:\/\/valeriabellantuono.it\/wp-content\/uploads\/2025\/12\/mare-ok-e1775664896596.png","datePublished":"2025-12-22T08:27:19+00:00","dateModified":"2026-04-08T16:15:17+00:00","description":"Una passeggiata rilassante per respirare aria di mare in totale tranquillit\u00e0, un vero toccasana per la mente ed il corpo!","breadcrumb":{"@id":"https:\/\/valeriabellantuono.it\/index.php\/prodotto\/il-respiro-del-mare-a-primavera\/#breadcrumb"},"inLanguage":"it-IT","potentialAction":[{"@type":"ReadAction","target":["https:\/\/valeriabellantuono.it\/index.php\/prodotto\/il-respiro-del-mare-a-primavera\/"]}]},{"@type":"ImageObject","inLanguage":"it-IT","@id":"https:\/\/valeriabellantuono.it\/index.php\/prodotto\/il-respiro-del-mare-a-primavera\/#primaryimage","url":"https:\/\/valeriabellantuono.it\/wp-content\/uploads\/2025\/12\/mare-ok-e1775664896596.png","contentUrl":"https:\/\/valeriabellantuono.it\/wp-content\/uploads\/2025\/12\/mare-ok-e1775664896596.png","width":614,"height":614,"caption":"pasquetta al mare 2026"},{"@type":"BreadcrumbList","@id":"https:\/\/valeriabellantuono.it\/index.php\/prodotto\/il-respiro-del-mare-a-primavera\/#breadcrumb","itemListElement":[{"@type":"ListItem","position":1,"name":"Home","item":"https:\/\/valeriabellantuono.it\/"},{"@type":"ListItem","position":2,"name":"Esperienze","item":"https:\/\/valeriabellantuono.it\/index.php\/negozio\/"},{"@type":"ListItem","position":3,"name":"Il respiro del mare a primavera"}]},{"@type":"WebSite","@id":"https:\/\/valeriabellantuono.it\/#website","url":"https:\/\/valeriabellantuono.it\/","name":"Valeria Bellantuono Experience","description":"Escursioni, viaggi e benessere del corpo e della mente","publisher":{"@id":"https:\/\/valeriabellantuono.it\/#organization"},"potentialAction":[{"@type":"SearchAction","target":{"@type":"EntryPoint","urlTemplate":"https:\/\/valeriabellantuono.it\/?s={search_term_string}"},"query-input":{"@type":"PropertyValueSpecification","valueRequired":true,"valueName":"search_term_string"}}],"inLanguage":"it-IT"},{"@type":"Organization","@id":"https:\/\/valeriabellantuono.it\/#organization","name":"Valeria Bellantuono Experience","url":"https:\/\/valeriabellantuono.it\/","logo":{"@type":"ImageObject","inLanguage":"it-IT","@id":"https:\/\/valeriabellantuono.it\/#\/schema\/logo\/image\/","url":"https:\/\/valeriabellantuono.it\/wp-content\/uploads\/2023\/08\/logo-compatto.png","contentUrl":"https:\/\/valeriabellantuono.it\/wp-content\/uploads\/2023\/08\/logo-compatto.png","width":881,"height":342,"caption":"Valeria Bellantuono Experience"},"image":{"@id":"https:\/\/valeriabellantuono.it\/#\/schema\/logo\/image\/"},"sameAs":["https:\/\/www.facebook.com\/vale.bellantuono","https:\/\/www.instagram.com\/valeria.bellantuono\/"]}]}},"publishpress_future_action":{"enabled":false,"date":"2026-04-25 03:06:09","action":"category-add","newStatus":"draft","terms":[24],"taxonomy":"product_cat","extraData":[]},"publishpress_future_workflow_manual_trigger":{"enabledWorkflows":[]},"_links":{"self":[{"href":"https:\/\/valeriabellantuono.it\/index.php\/wp-json\/wp\/v2\/product\/5449","targetHints":{"allow":["GET"]}}],"collection":[{"href":"https:\/\/valeriabellantuono.it\/index.php\/wp-json\/wp\/v2\/product"}],"about":[{"href":"https:\/\/valeriabellantuono.it\/index.php\/wp-json\/wp\/v2\/types\/product"}],"wp:featuredmedia":[{"embeddable":true,"href":"https:\/\/valeriabellantuono.it\/index.php\/wp-json\/wp\/v2\/media\/6150"}],"wp:attachment":[{"href":"https:\/\/valeriabellantuono.it\/index.php\/wp-json\/wp\/v2\/media?parent=5449"}],"wp:term":[{"taxonomy":"product_brand","embeddable":true,"href":"https:\/\/valeriabellantuono.it\/index.php\/wp-json\/wp\/v2\/product_brand?post=5449"},{"taxonomy":"product_cat","embeddable":true,"href":"https:\/\/valeriabellantuono.it\/index.php\/wp-json\/wp\/v2\/product_cat?post=5449"},{"taxonomy":"product_tag","embeddable":true,"href":"https:\/\/valeriabellantuono.it\/index.php\/wp-json\/wp\/v2\/product_tag?post=5449"}],"curies":[{"name":"wp","href":"https:\/\/api.w.org\/{rel}","templated":true}]}}