{"id":495,"date":"2023-09-08T21:34:09","date_gmt":"2023-09-08T21:34:09","guid":{"rendered":"https:\/\/valeriabellantuono.it\/?post_type=product&#038;p=495"},"modified":"2026-03-02T07:01:13","modified_gmt":"2026-03-02T07:01:13","slug":"yoga-e-respiro-consapevole","status":"publish","type":"product","link":"https:\/\/valeriabellantuono.it\/index.php\/prodotto\/yoga-e-respiro-consapevole\/","title":{"rendered":"Yoga e respiro consapevole"},"content":{"rendered":"<p><em>Il respiro \u00e8 il ponte che collega la vita alla coscienza, che unisce il corpo ai nostri pensieri. Ogni volta che la vostra mente si disperde, utilizzate il respiro come mezzo per prendere di nuovo in mano la vostra mente.<\/em><br \/>\n(Thich Nhat Hanh)<\/p>\n","protected":false},"excerpt":{"rendered":"<blockquote><p><em>Il respiro \u00e8 il ponte che collega la vita alla coscienza, che unisce il corpo ai nostri pensieri. Ogni volta che la vostra mente si disperde, utilizzate il respiro come mezzo per prendere di nuovo in mano la vostra mente.<\/em><br \/>\n(Thich Nhat Hanh)<\/p><\/blockquote>\n<p>Il respiro \u00e8 la base della scienza dello Yoga, il respiro \u00e8 la base della vita sul pianeta Terra. Tutti noi respiriamo ed \u00e8 la prima cosa che facciamo appena mettiamo piede in questo Mondo per poter dar vita a questo nostro corpo. Il respiro \u00e8 quindi un atto<br \/>\nimportantissimo oltre che per sopravvivere, anche per far funzionare al meglio il corpo umano.<\/p>\n<p>Ti propongo una pratica yoga che focalizza l\u2019attenzione sul respiro consapevole durante l\u2019esecuzione delle Asana (esercizi fisici). Questa pratica ci racconta molto chiaramente come il respirare in maniera consapevole sia fondamentale anche per poter affrontare al meglio le varie esperienze della quotidianit\u00e0. Il respiro consapevole \u00e8 un mezzo molto utile e potente per favorire la pace, la serenit\u00e0 e la quiete di corpo, mente e spirito.<\/p>\n","protected":false},"featured_media":3581,"template":"","meta":{"_acf_changed":false},"product_brand":[],"product_cat":[21],"product_tag":[108,241,101,97,95],"class_list":{"0":"post-495","1":"product","2":"type-product","3":"status-publish","4":"has-post-thumbnail","6":"product_cat-corsi-e-attivita","7":"product_tag-benessere","8":"product_tag-corso","9":"product_tag-relax","10":"product_tag-respiro","11":"product_tag-yoga","13":"first","14":"instock","15":"shipping-taxable","16":"purchasable","17":"product-type-variable"},"acf":[],"yoast_head":"<!-- This site is optimized with the Yoast SEO plugin v27.3 - https:\/\/yoast.com\/product\/yoast-seo-wordpress\/ -->\n<title>Yoga e respiro consapevole - Valeria Bellantuono Experience<\/title>\n<meta name=\"description\" content=\"Ti propongo una pratica yoga che focalizza l\u2019attenzione anche sul respiro consapevole durante l\u2019esecuzione delle Asana (esercizi fisici).\" \/>\n<meta name=\"robots\" content=\"index, follow, max-snippet:-1, max-image-preview:large, max-video-preview:-1\" \/>\n<link rel=\"canonical\" href=\"https:\/\/valeriabellantuono.it\/index.php\/prodotto\/yoga-e-respiro-consapevole\/\" \/>\n<meta property=\"og:locale\" content=\"it_IT\" \/>\n<meta property=\"og:type\" content=\"article\" \/>\n<meta property=\"og:title\" content=\"Yoga e respiro consapevole - Valeria Bellantuono Experience\" \/>\n<meta property=\"og:description\" content=\"Ti propongo una pratica yoga che focalizza l\u2019attenzione anche sul respiro consapevole durante l\u2019esecuzione delle Asana (esercizi fisici).\" \/>\n<meta property=\"og:url\" content=\"https:\/\/valeriabellantuono.it\/index.php\/prodotto\/yoga-e-respiro-consapevole\/\" \/>\n<meta property=\"og:site_name\" content=\"Valeria Bellantuono Experience\" \/>\n<meta property=\"article:publisher\" content=\"https:\/\/www.facebook.com\/vale.bellantuono\" \/>\n<meta property=\"article:modified_time\" content=\"2026-03-02T07:01:13+00:00\" \/>\n<meta property=\"og:image\" content=\"https:\/\/valeriabellantuono.it\/wp-content\/uploads\/2023\/09\/Valeria-Bellantuono-072-scaled-e1725095953333.jpg\" \/>\n\t<meta property=\"og:image:width\" content=\"1706\" \/>\n\t<meta property=\"og:image:height\" content=\"1706\" \/>\n\t<meta property=\"og:image:type\" content=\"image\/jpeg\" \/>\n<meta name=\"twitter:card\" content=\"summary_large_image\" \/>\n<meta name=\"twitter:label1\" content=\"Tempo di lettura stimato\" \/>\n\t<meta name=\"twitter:data1\" content=\"1 minuto\" \/>\n<script type=\"application\/ld+json\" class=\"yoast-schema-graph\">{\"@context\":\"https:\\\/\\\/schema.org\",\"@graph\":[{\"@type\":\"WebPage\",\"@id\":\"https:\\\/\\\/valeriabellantuono.it\\\/index.php\\\/prodotto\\\/yoga-e-respiro-consapevole\\\/\",\"url\":\"https:\\\/\\\/valeriabellantuono.it\\\/index.php\\\/prodotto\\\/yoga-e-respiro-consapevole\\\/\",\"name\":\"Yoga e respiro consapevole - Valeria Bellantuono Experience\",\"isPartOf\":{\"@id\":\"https:\\\/\\\/valeriabellantuono.it\\\/#website\"},\"primaryImageOfPage\":{\"@id\":\"https:\\\/\\\/valeriabellantuono.it\\\/index.php\\\/prodotto\\\/yoga-e-respiro-consapevole\\\/#primaryimage\"},\"image\":{\"@id\":\"https:\\\/\\\/valeriabellantuono.it\\\/index.php\\\/prodotto\\\/yoga-e-respiro-consapevole\\\/#primaryimage\"},\"thumbnailUrl\":\"https:\\\/\\\/valeriabellantuono.it\\\/wp-content\\\/uploads\\\/2023\\\/09\\\/Valeria-Bellantuono-072-scaled-e1725095953333.jpg\",\"datePublished\":\"2023-09-08T21:34:09+00:00\",\"dateModified\":\"2026-03-02T07:01:13+00:00\",\"description\":\"Ti propongo una pratica yoga che focalizza l\u2019attenzione anche sul respiro consapevole durante l\u2019esecuzione delle Asana (esercizi fisici).\",\"breadcrumb\":{\"@id\":\"https:\\\/\\\/valeriabellantuono.it\\\/index.php\\\/prodotto\\\/yoga-e-respiro-consapevole\\\/#breadcrumb\"},\"inLanguage\":\"it-IT\",\"potentialAction\":[{\"@type\":\"ReadAction\",\"target\":[\"https:\\\/\\\/valeriabellantuono.it\\\/index.php\\\/prodotto\\\/yoga-e-respiro-consapevole\\\/\"]}]},{\"@type\":\"ImageObject\",\"inLanguage\":\"it-IT\",\"@id\":\"https:\\\/\\\/valeriabellantuono.it\\\/index.php\\\/prodotto\\\/yoga-e-respiro-consapevole\\\/#primaryimage\",\"url\":\"https:\\\/\\\/valeriabellantuono.it\\\/wp-content\\\/uploads\\\/2023\\\/09\\\/Valeria-Bellantuono-072-scaled-e1725095953333.jpg\",\"contentUrl\":\"https:\\\/\\\/valeriabellantuono.it\\\/wp-content\\\/uploads\\\/2023\\\/09\\\/Valeria-Bellantuono-072-scaled-e1725095953333.jpg\",\"width\":1706,\"height\":1706},{\"@type\":\"BreadcrumbList\",\"@id\":\"https:\\\/\\\/valeriabellantuono.it\\\/index.php\\\/prodotto\\\/yoga-e-respiro-consapevole\\\/#breadcrumb\",\"itemListElement\":[{\"@type\":\"ListItem\",\"position\":1,\"name\":\"Home\",\"item\":\"https:\\\/\\\/valeriabellantuono.it\\\/\"},{\"@type\":\"ListItem\",\"position\":2,\"name\":\"Esperienze\",\"item\":\"https:\\\/\\\/valeriabellantuono.it\\\/index.php\\\/negozio\\\/\"},{\"@type\":\"ListItem\",\"position\":3,\"name\":\"Yoga e respiro consapevole\"}]},{\"@type\":\"WebSite\",\"@id\":\"https:\\\/\\\/valeriabellantuono.it\\\/#website\",\"url\":\"https:\\\/\\\/valeriabellantuono.it\\\/\",\"name\":\"Valeria Bellantuono Experience\",\"description\":\"Escursioni, viaggi e benessere del corpo e della mente\",\"publisher\":{\"@id\":\"https:\\\/\\\/valeriabellantuono.it\\\/#organization\"},\"potentialAction\":[{\"@type\":\"SearchAction\",\"target\":{\"@type\":\"EntryPoint\",\"urlTemplate\":\"https:\\\/\\\/valeriabellantuono.it\\\/?s={search_term_string}\"},\"query-input\":{\"@type\":\"PropertyValueSpecification\",\"valueRequired\":true,\"valueName\":\"search_term_string\"}}],\"inLanguage\":\"it-IT\"},{\"@type\":\"Organization\",\"@id\":\"https:\\\/\\\/valeriabellantuono.it\\\/#organization\",\"name\":\"Valeria Bellantuono Experience\",\"url\":\"https:\\\/\\\/valeriabellantuono.it\\\/\",\"logo\":{\"@type\":\"ImageObject\",\"inLanguage\":\"it-IT\",\"@id\":\"https:\\\/\\\/valeriabellantuono.it\\\/#\\\/schema\\\/logo\\\/image\\\/\",\"url\":\"https:\\\/\\\/valeriabellantuono.it\\\/wp-content\\\/uploads\\\/2023\\\/08\\\/logo-compatto.png\",\"contentUrl\":\"https:\\\/\\\/valeriabellantuono.it\\\/wp-content\\\/uploads\\\/2023\\\/08\\\/logo-compatto.png\",\"width\":881,\"height\":342,\"caption\":\"Valeria Bellantuono Experience\"},\"image\":{\"@id\":\"https:\\\/\\\/valeriabellantuono.it\\\/#\\\/schema\\\/logo\\\/image\\\/\"},\"sameAs\":[\"https:\\\/\\\/www.facebook.com\\\/vale.bellantuono\",\"https:\\\/\\\/www.instagram.com\\\/valeria.bellantuono\\\/\"]}]}<\/script>\n<!-- \/ Yoast SEO plugin. -->","yoast_head_json":{"title":"Yoga e respiro consapevole - Valeria Bellantuono Experience","description":"Ti propongo una pratica yoga che focalizza l\u2019attenzione anche sul respiro consapevole durante l\u2019esecuzione delle Asana (esercizi fisici).","robots":{"index":"index","follow":"follow","max-snippet":"max-snippet:-1","max-image-preview":"max-image-preview:large","max-video-preview":"max-video-preview:-1"},"canonical":"https:\/\/valeriabellantuono.it\/index.php\/prodotto\/yoga-e-respiro-consapevole\/","og_locale":"it_IT","og_type":"article","og_title":"Yoga e respiro consapevole - Valeria Bellantuono Experience","og_description":"Ti propongo una pratica yoga che focalizza l\u2019attenzione anche sul respiro consapevole durante l\u2019esecuzione delle Asana (esercizi fisici).","og_url":"https:\/\/valeriabellantuono.it\/index.php\/prodotto\/yoga-e-respiro-consapevole\/","og_site_name":"Valeria Bellantuono Experience","article_publisher":"https:\/\/www.facebook.com\/vale.bellantuono","article_modified_time":"2026-03-02T07:01:13+00:00","og_image":[{"width":1706,"height":1706,"url":"https:\/\/valeriabellantuono.it\/wp-content\/uploads\/2023\/09\/Valeria-Bellantuono-072-scaled-e1725095953333.jpg","type":"image\/jpeg"}],"twitter_card":"summary_large_image","twitter_misc":{"Tempo di lettura stimato":"1 minuto"},"schema":{"@context":"https:\/\/schema.org","@graph":[{"@type":"WebPage","@id":"https:\/\/valeriabellantuono.it\/index.php\/prodotto\/yoga-e-respiro-consapevole\/","url":"https:\/\/valeriabellantuono.it\/index.php\/prodotto\/yoga-e-respiro-consapevole\/","name":"Yoga e respiro consapevole - Valeria Bellantuono Experience","isPartOf":{"@id":"https:\/\/valeriabellantuono.it\/#website"},"primaryImageOfPage":{"@id":"https:\/\/valeriabellantuono.it\/index.php\/prodotto\/yoga-e-respiro-consapevole\/#primaryimage"},"image":{"@id":"https:\/\/valeriabellantuono.it\/index.php\/prodotto\/yoga-e-respiro-consapevole\/#primaryimage"},"thumbnailUrl":"https:\/\/valeriabellantuono.it\/wp-content\/uploads\/2023\/09\/Valeria-Bellantuono-072-scaled-e1725095953333.jpg","datePublished":"2023-09-08T21:34:09+00:00","dateModified":"2026-03-02T07:01:13+00:00","description":"Ti propongo una pratica yoga che focalizza l\u2019attenzione anche sul respiro consapevole durante l\u2019esecuzione delle Asana (esercizi fisici).","breadcrumb":{"@id":"https:\/\/valeriabellantuono.it\/index.php\/prodotto\/yoga-e-respiro-consapevole\/#breadcrumb"},"inLanguage":"it-IT","potentialAction":[{"@type":"ReadAction","target":["https:\/\/valeriabellantuono.it\/index.php\/prodotto\/yoga-e-respiro-consapevole\/"]}]},{"@type":"ImageObject","inLanguage":"it-IT","@id":"https:\/\/valeriabellantuono.it\/index.php\/prodotto\/yoga-e-respiro-consapevole\/#primaryimage","url":"https:\/\/valeriabellantuono.it\/wp-content\/uploads\/2023\/09\/Valeria-Bellantuono-072-scaled-e1725095953333.jpg","contentUrl":"https:\/\/valeriabellantuono.it\/wp-content\/uploads\/2023\/09\/Valeria-Bellantuono-072-scaled-e1725095953333.jpg","width":1706,"height":1706},{"@type":"BreadcrumbList","@id":"https:\/\/valeriabellantuono.it\/index.php\/prodotto\/yoga-e-respiro-consapevole\/#breadcrumb","itemListElement":[{"@type":"ListItem","position":1,"name":"Home","item":"https:\/\/valeriabellantuono.it\/"},{"@type":"ListItem","position":2,"name":"Esperienze","item":"https:\/\/valeriabellantuono.it\/index.php\/negozio\/"},{"@type":"ListItem","position":3,"name":"Yoga e respiro consapevole"}]},{"@type":"WebSite","@id":"https:\/\/valeriabellantuono.it\/#website","url":"https:\/\/valeriabellantuono.it\/","name":"Valeria Bellantuono Experience","description":"Escursioni, viaggi e benessere del corpo e della mente","publisher":{"@id":"https:\/\/valeriabellantuono.it\/#organization"},"potentialAction":[{"@type":"SearchAction","target":{"@type":"EntryPoint","urlTemplate":"https:\/\/valeriabellantuono.it\/?s={search_term_string}"},"query-input":{"@type":"PropertyValueSpecification","valueRequired":true,"valueName":"search_term_string"}}],"inLanguage":"it-IT"},{"@type":"Organization","@id":"https:\/\/valeriabellantuono.it\/#organization","name":"Valeria Bellantuono Experience","url":"https:\/\/valeriabellantuono.it\/","logo":{"@type":"ImageObject","inLanguage":"it-IT","@id":"https:\/\/valeriabellantuono.it\/#\/schema\/logo\/image\/","url":"https:\/\/valeriabellantuono.it\/wp-content\/uploads\/2023\/08\/logo-compatto.png","contentUrl":"https:\/\/valeriabellantuono.it\/wp-content\/uploads\/2023\/08\/logo-compatto.png","width":881,"height":342,"caption":"Valeria Bellantuono Experience"},"image":{"@id":"https:\/\/valeriabellantuono.it\/#\/schema\/logo\/image\/"},"sameAs":["https:\/\/www.facebook.com\/vale.bellantuono","https:\/\/www.instagram.com\/valeria.bellantuono\/"]}]}},"publishpress_future_action":{"enabled":false,"date":"2026-04-25 03:13:00","action":"category-add","newStatus":"draft","terms":[24],"taxonomy":"product_cat","extraData":[]},"publishpress_future_workflow_manual_trigger":{"enabledWorkflows":[]},"_links":{"self":[{"href":"https:\/\/valeriabellantuono.it\/index.php\/wp-json\/wp\/v2\/product\/495","targetHints":{"allow":["GET"]}}],"collection":[{"href":"https:\/\/valeriabellantuono.it\/index.php\/wp-json\/wp\/v2\/product"}],"about":[{"href":"https:\/\/valeriabellantuono.it\/index.php\/wp-json\/wp\/v2\/types\/product"}],"wp:featuredmedia":[{"embeddable":true,"href":"https:\/\/valeriabellantuono.it\/index.php\/wp-json\/wp\/v2\/media\/3581"}],"wp:attachment":[{"href":"https:\/\/valeriabellantuono.it\/index.php\/wp-json\/wp\/v2\/media?parent=495"}],"wp:term":[{"taxonomy":"product_brand","embeddable":true,"href":"https:\/\/valeriabellantuono.it\/index.php\/wp-json\/wp\/v2\/product_brand?post=495"},{"taxonomy":"product_cat","embeddable":true,"href":"https:\/\/valeriabellantuono.it\/index.php\/wp-json\/wp\/v2\/product_cat?post=495"},{"taxonomy":"product_tag","embeddable":true,"href":"https:\/\/valeriabellantuono.it\/index.php\/wp-json\/wp\/v2\/product_tag?post=495"}],"curies":[{"name":"wp","href":"https:\/\/api.w.org\/{rel}","templated":true}]}}