{"id":4391,"date":"2025-05-14T18:01:41","date_gmt":"2025-05-14T18:01:41","guid":{"rendered":"https:\/\/valeriabellantuono.it\/?post_type=product&#038;p=4391"},"modified":"2025-12-26T23:01:36","modified_gmt":"2025-12-26T23:01:36","slug":"la-valle-canta-la-lavanda-incanta","status":"publish","type":"product","link":"https:\/\/valeriabellantuono.it\/index.php\/prodotto\/la-valle-canta-la-lavanda-incanta\/","title":{"rendered":"La valle canta, la lavanda incanta"},"content":{"rendered":"<h3>L&#8217;incanto del campo di lavanda in fiore<\/h3>\n<p>Una serata insolita al campo di lavanda di <strong>Rodiano <\/strong>(<a href=\"https:\/\/valeriabellantuono.it\/index.php\/tag-prodotto\/bologna\" target=\"_blank\" rel=\"noopener\">provincia di Bologna<\/a>), una bellissima passeggiata nel cuore della piccola &#8220;<strong>Provenza sull&#8217;Appennino Bolognese<\/strong>&#8220;. Il campo \u00e8 coltivato con amore da una famiglia che nella vita faceva tutt\u2019altro, finch\u00e9 non si \u00e8 innamorata di un casolare e l\u2019ha sistemato piano piano negli anni.<\/p>\n<p>Un amore che \u00e8 diventato cos\u00ec grande da spingerli a trasferirsi definitivamente a vivere in campagna. Vittorio, il capofamiglia, \u00e8 innamorato da sempre dei pittori impressionisti francesi e dei campi di lavanda dipinti nei quadri di Monet e Van Gogh. \u00c8 cos\u00ec che nasce il suo sogno di creare un campo di lavanda come quelli provenzali nella sua nuova terra. Ascoltarlo, mentre racconta la storia di questo campo di lavanda, fa pensare a quanto siano belli i sogni nati dall\u2019amore per la bellezza. Perch\u00e9 di questo si tratta!<\/p>\n<p>A seguire gusteremo un delizioso aperitivo con prodotti locali accompagnati dal suono del violoncello del virtuoso duo Tiziano ed Enrico Guerzoni con interpretazioni furiose di arrangiamenti creativi di brani jazz e rock in una performance altamente sofisticata.<\/p>\n<p>Una proposta assolutamente unica nel genere!<\/p>\n","protected":false},"excerpt":{"rendered":"<p>Una serata insolita al campo di lavanda di Rodiano, una bellissima passeggiata nel cuore della piccola &#8220;Provenza sull&#8217;Appennino Bolognese&#8221;.<\/p>\n","protected":false},"featured_media":2975,"template":"","meta":{"_acf_changed":false},"product_brand":[],"product_cat":[38],"product_tag":[142,166,162,117,153,154,53],"class_list":{"0":"post-4391","1":"product","2":"type-product","3":"status-publish","4":"has-post-thumbnail","6":"product_cat-escursioni-giornaliere-passate","7":"product_tag-bologna","8":"product_tag-concerto","9":"product_tag-emilia-romagna","10":"product_tag-escursioni","11":"product_tag-lavanda","12":"product_tag-musica","13":"product_tag-passeggiata","15":"first","16":"instock","17":"shipping-taxable","18":"purchasable","19":"product-type-variable"},"acf":[],"yoast_head":"<!-- This site is optimized with the Yoast SEO plugin v27.3 - https:\/\/yoast.com\/product\/yoast-seo-wordpress\/ -->\n<title>La valle canta, la lavanda incanta - Valeria Bellantuono Experience<\/title>\n<meta name=\"description\" content=\"Una serata insolita al campo di lavanda di Rodiano, una bellissima passeggiata nel cuore della piccola &quot;Provenza sull&#039;Appennino Bolognese&quot;.\u00a0\" \/>\n<meta name=\"robots\" content=\"index, follow, max-snippet:-1, max-image-preview:large, max-video-preview:-1\" \/>\n<link rel=\"canonical\" href=\"https:\/\/valeriabellantuono.it\/index.php\/prodotto\/la-valle-canta-la-lavanda-incanta\/\" \/>\n<meta property=\"og:locale\" content=\"it_IT\" \/>\n<meta property=\"og:type\" content=\"article\" \/>\n<meta property=\"og:title\" content=\"La valle canta, la lavanda incanta - Valeria Bellantuono Experience\" \/>\n<meta property=\"og:description\" content=\"Una serata insolita al campo di lavanda di Rodiano, una bellissima passeggiata nel cuore della piccola &quot;Provenza sull&#039;Appennino Bolognese&quot;.\u00a0\" \/>\n<meta property=\"og:url\" content=\"https:\/\/valeriabellantuono.it\/index.php\/prodotto\/la-valle-canta-la-lavanda-incanta\/\" \/>\n<meta property=\"og:site_name\" content=\"Valeria Bellantuono Experience\" \/>\n<meta property=\"article:publisher\" content=\"https:\/\/www.facebook.com\/vale.bellantuono\" \/>\n<meta property=\"article:modified_time\" content=\"2025-12-26T23:01:36+00:00\" \/>\n<meta property=\"og:image\" content=\"https:\/\/valeriabellantuono.it\/wp-content\/uploads\/2024\/02\/remi-antunes-LBu4WQxJNMw-unsplash-scaled-e1716279236384.jpg\" \/>\n\t<meta property=\"og:image:width\" content=\"1706\" \/>\n\t<meta property=\"og:image:height\" content=\"1706\" \/>\n\t<meta property=\"og:image:type\" content=\"image\/jpeg\" \/>\n<meta name=\"twitter:card\" content=\"summary_large_image\" \/>\n<meta name=\"twitter:label1\" content=\"Tempo di lettura stimato\" \/>\n\t<meta name=\"twitter:data1\" content=\"2 minuti\" \/>\n<script type=\"application\/ld+json\" class=\"yoast-schema-graph\">{\"@context\":\"https:\\\/\\\/schema.org\",\"@graph\":[{\"@type\":\"WebPage\",\"@id\":\"https:\\\/\\\/valeriabellantuono.it\\\/index.php\\\/prodotto\\\/la-valle-canta-la-lavanda-incanta\\\/\",\"url\":\"https:\\\/\\\/valeriabellantuono.it\\\/index.php\\\/prodotto\\\/la-valle-canta-la-lavanda-incanta\\\/\",\"name\":\"La valle canta, la lavanda incanta - Valeria Bellantuono Experience\",\"isPartOf\":{\"@id\":\"https:\\\/\\\/valeriabellantuono.it\\\/#website\"},\"primaryImageOfPage\":{\"@id\":\"https:\\\/\\\/valeriabellantuono.it\\\/index.php\\\/prodotto\\\/la-valle-canta-la-lavanda-incanta\\\/#primaryimage\"},\"image\":{\"@id\":\"https:\\\/\\\/valeriabellantuono.it\\\/index.php\\\/prodotto\\\/la-valle-canta-la-lavanda-incanta\\\/#primaryimage\"},\"thumbnailUrl\":\"https:\\\/\\\/valeriabellantuono.it\\\/wp-content\\\/uploads\\\/2024\\\/02\\\/remi-antunes-LBu4WQxJNMw-unsplash-scaled-e1716279236384.jpg\",\"datePublished\":\"2025-05-14T18:01:41+00:00\",\"dateModified\":\"2025-12-26T23:01:36+00:00\",\"description\":\"Una serata insolita al campo di lavanda di Rodiano, una bellissima passeggiata nel cuore della piccola \\\"Provenza sull'Appennino Bolognese\\\".\u00a0\",\"breadcrumb\":{\"@id\":\"https:\\\/\\\/valeriabellantuono.it\\\/index.php\\\/prodotto\\\/la-valle-canta-la-lavanda-incanta\\\/#breadcrumb\"},\"inLanguage\":\"it-IT\",\"potentialAction\":[{\"@type\":\"ReadAction\",\"target\":[\"https:\\\/\\\/valeriabellantuono.it\\\/index.php\\\/prodotto\\\/la-valle-canta-la-lavanda-incanta\\\/\"]}]},{\"@type\":\"ImageObject\",\"inLanguage\":\"it-IT\",\"@id\":\"https:\\\/\\\/valeriabellantuono.it\\\/index.php\\\/prodotto\\\/la-valle-canta-la-lavanda-incanta\\\/#primaryimage\",\"url\":\"https:\\\/\\\/valeriabellantuono.it\\\/wp-content\\\/uploads\\\/2024\\\/02\\\/remi-antunes-LBu4WQxJNMw-unsplash-scaled-e1716279236384.jpg\",\"contentUrl\":\"https:\\\/\\\/valeriabellantuono.it\\\/wp-content\\\/uploads\\\/2024\\\/02\\\/remi-antunes-LBu4WQxJNMw-unsplash-scaled-e1716279236384.jpg\",\"width\":1706,\"height\":1706,\"caption\":\"LAVANDA\"},{\"@type\":\"BreadcrumbList\",\"@id\":\"https:\\\/\\\/valeriabellantuono.it\\\/index.php\\\/prodotto\\\/la-valle-canta-la-lavanda-incanta\\\/#breadcrumb\",\"itemListElement\":[{\"@type\":\"ListItem\",\"position\":1,\"name\":\"Home\",\"item\":\"https:\\\/\\\/valeriabellantuono.it\\\/\"},{\"@type\":\"ListItem\",\"position\":2,\"name\":\"Esperienze\",\"item\":\"https:\\\/\\\/valeriabellantuono.it\\\/index.php\\\/negozio\\\/\"},{\"@type\":\"ListItem\",\"position\":3,\"name\":\"La valle canta, la lavanda incanta\"}]},{\"@type\":\"WebSite\",\"@id\":\"https:\\\/\\\/valeriabellantuono.it\\\/#website\",\"url\":\"https:\\\/\\\/valeriabellantuono.it\\\/\",\"name\":\"Valeria Bellantuono Experience\",\"description\":\"Escursioni, viaggi e benessere del corpo e della mente\",\"publisher\":{\"@id\":\"https:\\\/\\\/valeriabellantuono.it\\\/#organization\"},\"potentialAction\":[{\"@type\":\"SearchAction\",\"target\":{\"@type\":\"EntryPoint\",\"urlTemplate\":\"https:\\\/\\\/valeriabellantuono.it\\\/?s={search_term_string}\"},\"query-input\":{\"@type\":\"PropertyValueSpecification\",\"valueRequired\":true,\"valueName\":\"search_term_string\"}}],\"inLanguage\":\"it-IT\"},{\"@type\":\"Organization\",\"@id\":\"https:\\\/\\\/valeriabellantuono.it\\\/#organization\",\"name\":\"Valeria Bellantuono Experience\",\"url\":\"https:\\\/\\\/valeriabellantuono.it\\\/\",\"logo\":{\"@type\":\"ImageObject\",\"inLanguage\":\"it-IT\",\"@id\":\"https:\\\/\\\/valeriabellantuono.it\\\/#\\\/schema\\\/logo\\\/image\\\/\",\"url\":\"https:\\\/\\\/valeriabellantuono.it\\\/wp-content\\\/uploads\\\/2023\\\/08\\\/logo-compatto.png\",\"contentUrl\":\"https:\\\/\\\/valeriabellantuono.it\\\/wp-content\\\/uploads\\\/2023\\\/08\\\/logo-compatto.png\",\"width\":881,\"height\":342,\"caption\":\"Valeria Bellantuono Experience\"},\"image\":{\"@id\":\"https:\\\/\\\/valeriabellantuono.it\\\/#\\\/schema\\\/logo\\\/image\\\/\"},\"sameAs\":[\"https:\\\/\\\/www.facebook.com\\\/vale.bellantuono\",\"https:\\\/\\\/www.instagram.com\\\/valeria.bellantuono\\\/\"]}]}<\/script>\n<!-- \/ Yoast SEO plugin. -->","yoast_head_json":{"title":"La valle canta, la lavanda incanta - Valeria Bellantuono Experience","description":"Una serata insolita al campo di lavanda di Rodiano, una bellissima passeggiata nel cuore della piccola \"Provenza sull'Appennino Bolognese\".\u00a0","robots":{"index":"index","follow":"follow","max-snippet":"max-snippet:-1","max-image-preview":"max-image-preview:large","max-video-preview":"max-video-preview:-1"},"canonical":"https:\/\/valeriabellantuono.it\/index.php\/prodotto\/la-valle-canta-la-lavanda-incanta\/","og_locale":"it_IT","og_type":"article","og_title":"La valle canta, la lavanda incanta - Valeria Bellantuono Experience","og_description":"Una serata insolita al campo di lavanda di Rodiano, una bellissima passeggiata nel cuore della piccola \"Provenza sull'Appennino Bolognese\".\u00a0","og_url":"https:\/\/valeriabellantuono.it\/index.php\/prodotto\/la-valle-canta-la-lavanda-incanta\/","og_site_name":"Valeria Bellantuono Experience","article_publisher":"https:\/\/www.facebook.com\/vale.bellantuono","article_modified_time":"2025-12-26T23:01:36+00:00","og_image":[{"width":1706,"height":1706,"url":"https:\/\/valeriabellantuono.it\/wp-content\/uploads\/2024\/02\/remi-antunes-LBu4WQxJNMw-unsplash-scaled-e1716279236384.jpg","type":"image\/jpeg"}],"twitter_card":"summary_large_image","twitter_misc":{"Tempo di lettura stimato":"2 minuti"},"schema":{"@context":"https:\/\/schema.org","@graph":[{"@type":"WebPage","@id":"https:\/\/valeriabellantuono.it\/index.php\/prodotto\/la-valle-canta-la-lavanda-incanta\/","url":"https:\/\/valeriabellantuono.it\/index.php\/prodotto\/la-valle-canta-la-lavanda-incanta\/","name":"La valle canta, la lavanda incanta - Valeria Bellantuono Experience","isPartOf":{"@id":"https:\/\/valeriabellantuono.it\/#website"},"primaryImageOfPage":{"@id":"https:\/\/valeriabellantuono.it\/index.php\/prodotto\/la-valle-canta-la-lavanda-incanta\/#primaryimage"},"image":{"@id":"https:\/\/valeriabellantuono.it\/index.php\/prodotto\/la-valle-canta-la-lavanda-incanta\/#primaryimage"},"thumbnailUrl":"https:\/\/valeriabellantuono.it\/wp-content\/uploads\/2024\/02\/remi-antunes-LBu4WQxJNMw-unsplash-scaled-e1716279236384.jpg","datePublished":"2025-05-14T18:01:41+00:00","dateModified":"2025-12-26T23:01:36+00:00","description":"Una serata insolita al campo di lavanda di Rodiano, una bellissima passeggiata nel cuore della piccola \"Provenza sull'Appennino Bolognese\".\u00a0","breadcrumb":{"@id":"https:\/\/valeriabellantuono.it\/index.php\/prodotto\/la-valle-canta-la-lavanda-incanta\/#breadcrumb"},"inLanguage":"it-IT","potentialAction":[{"@type":"ReadAction","target":["https:\/\/valeriabellantuono.it\/index.php\/prodotto\/la-valle-canta-la-lavanda-incanta\/"]}]},{"@type":"ImageObject","inLanguage":"it-IT","@id":"https:\/\/valeriabellantuono.it\/index.php\/prodotto\/la-valle-canta-la-lavanda-incanta\/#primaryimage","url":"https:\/\/valeriabellantuono.it\/wp-content\/uploads\/2024\/02\/remi-antunes-LBu4WQxJNMw-unsplash-scaled-e1716279236384.jpg","contentUrl":"https:\/\/valeriabellantuono.it\/wp-content\/uploads\/2024\/02\/remi-antunes-LBu4WQxJNMw-unsplash-scaled-e1716279236384.jpg","width":1706,"height":1706,"caption":"LAVANDA"},{"@type":"BreadcrumbList","@id":"https:\/\/valeriabellantuono.it\/index.php\/prodotto\/la-valle-canta-la-lavanda-incanta\/#breadcrumb","itemListElement":[{"@type":"ListItem","position":1,"name":"Home","item":"https:\/\/valeriabellantuono.it\/"},{"@type":"ListItem","position":2,"name":"Esperienze","item":"https:\/\/valeriabellantuono.it\/index.php\/negozio\/"},{"@type":"ListItem","position":3,"name":"La valle canta, la lavanda incanta"}]},{"@type":"WebSite","@id":"https:\/\/valeriabellantuono.it\/#website","url":"https:\/\/valeriabellantuono.it\/","name":"Valeria Bellantuono Experience","description":"Escursioni, viaggi e benessere del corpo e della mente","publisher":{"@id":"https:\/\/valeriabellantuono.it\/#organization"},"potentialAction":[{"@type":"SearchAction","target":{"@type":"EntryPoint","urlTemplate":"https:\/\/valeriabellantuono.it\/?s={search_term_string}"},"query-input":{"@type":"PropertyValueSpecification","valueRequired":true,"valueName":"search_term_string"}}],"inLanguage":"it-IT"},{"@type":"Organization","@id":"https:\/\/valeriabellantuono.it\/#organization","name":"Valeria Bellantuono Experience","url":"https:\/\/valeriabellantuono.it\/","logo":{"@type":"ImageObject","inLanguage":"it-IT","@id":"https:\/\/valeriabellantuono.it\/#\/schema\/logo\/image\/","url":"https:\/\/valeriabellantuono.it\/wp-content\/uploads\/2023\/08\/logo-compatto.png","contentUrl":"https:\/\/valeriabellantuono.it\/wp-content\/uploads\/2023\/08\/logo-compatto.png","width":881,"height":342,"caption":"Valeria Bellantuono Experience"},"image":{"@id":"https:\/\/valeriabellantuono.it\/#\/schema\/logo\/image\/"},"sameAs":["https:\/\/www.facebook.com\/vale.bellantuono","https:\/\/www.instagram.com\/valeria.bellantuono\/"]}]}},"publishpress_future_action":{"enabled":false,"date":"2026-04-25 04:35:06","action":"category-add","newStatus":"draft","terms":[24],"taxonomy":"product_cat","extraData":[]},"publishpress_future_workflow_manual_trigger":{"enabledWorkflows":[]},"_links":{"self":[{"href":"https:\/\/valeriabellantuono.it\/index.php\/wp-json\/wp\/v2\/product\/4391","targetHints":{"allow":["GET"]}}],"collection":[{"href":"https:\/\/valeriabellantuono.it\/index.php\/wp-json\/wp\/v2\/product"}],"about":[{"href":"https:\/\/valeriabellantuono.it\/index.php\/wp-json\/wp\/v2\/types\/product"}],"wp:featuredmedia":[{"embeddable":true,"href":"https:\/\/valeriabellantuono.it\/index.php\/wp-json\/wp\/v2\/media\/2975"}],"wp:attachment":[{"href":"https:\/\/valeriabellantuono.it\/index.php\/wp-json\/wp\/v2\/media?parent=4391"}],"wp:term":[{"taxonomy":"product_brand","embeddable":true,"href":"https:\/\/valeriabellantuono.it\/index.php\/wp-json\/wp\/v2\/product_brand?post=4391"},{"taxonomy":"product_cat","embeddable":true,"href":"https:\/\/valeriabellantuono.it\/index.php\/wp-json\/wp\/v2\/product_cat?post=4391"},{"taxonomy":"product_tag","embeddable":true,"href":"https:\/\/valeriabellantuono.it\/index.php\/wp-json\/wp\/v2\/product_tag?post=4391"}],"curies":[{"name":"wp","href":"https:\/\/api.w.org\/{rel}","templated":true}]}}