{"id":432,"date":"2023-09-08T20:30:17","date_gmt":"2023-09-08T20:30:17","guid":{"rendered":"https:\/\/valeriabellantuono.it\/?post_type=product&#038;p=432"},"modified":"2025-09-20T07:07:32","modified_gmt":"2025-09-20T07:07:32","slug":"pilates-posturale","status":"publish","type":"product","link":"https:\/\/valeriabellantuono.it\/index.php\/prodotto\/pilates-posturale\/","title":{"rendered":"Pilates posturale"},"content":{"rendered":"<p>Vuoi restare in forma e migliorare il tuo assetto posturale?<br \/>\nIl Pilates \u00e8 adatto a tutti ed \u00e8 un metodo di allenamento molto apprezzato, grazie ai benefici che dona al corpo rafforzando la muscolatura e correggendo la postura in modo efficace e senza rischi.<\/p>\n","protected":false},"excerpt":{"rendered":"<p>Vuoi restare in forma e migliorare il tuo assetto posturale?<br \/>\nIl Pilates \u00e8 la disciplina che fa per te! Un metodo di allenamento molto apprezzato grazie ai benefici che dona al corpo rafforzando la muscolatura e correggendo la postura in modo efficace e senza rischi. Si tratta infatti di una serie di esercizi adatti a tutti, uomini e donne, principianti e non ed \u00e8 particolarmente indicato a chi deve mantenere per diverse ore al giorno una posizione statica che spesso non \u00e8 corretta per il corpo e pu\u00f2 provocare danni alla salute.<br \/>\nIl Pilates Posturale nasce dall\u2019unione delle due discipline, Pilates e Ginnastica Posturale, per ottenere un risultato ancora pi\u00f9 completo ed efficace attraverso l\u2019esecuzione di movimenti lenti e profondi che hanno lo scopo di riportare il corpo ad uno stato di perfetto equilibrio. L\u2019obiettivo \u00e8 rieducare il corpo umano ad assumere una postura corretta ogni giorno e in modo spontaneo.<\/p>\n","protected":false},"featured_media":3582,"template":"","meta":{"_acf_changed":false},"product_brand":[],"product_cat":[21],"product_tag":[108,239,227,240,101,97],"class_list":{"0":"post-432","1":"product","2":"type-product","3":"status-publish","4":"has-post-thumbnail","6":"product_cat-corsi-e-attivita","7":"product_tag-benessere","8":"product_tag-corsi","9":"product_tag-pilates","10":"product_tag-postura","11":"product_tag-relax","12":"product_tag-respiro","14":"first","15":"instock","16":"shipping-taxable","17":"purchasable","18":"product-type-variable"},"acf":[],"yoast_head":"<!-- This site is optimized with the Yoast SEO plugin v27.3 - https:\/\/yoast.com\/product\/yoast-seo-wordpress\/ -->\n<title>Pilates posturale - Valeria Bellantuono Experience<\/title>\n<meta name=\"description\" content=\"Vuoi restare in forma e migliorare il tuo assetto posturale? Il Pilates \u00e8 la disciplina che fa per te! Un metodo di allenamento molto apprezzato.\" \/>\n<meta name=\"robots\" content=\"index, follow, max-snippet:-1, max-image-preview:large, max-video-preview:-1\" \/>\n<link rel=\"canonical\" href=\"https:\/\/valeriabellantuono.it\/index.php\/prodotto\/pilates-posturale\/\" \/>\n<meta property=\"og:locale\" content=\"it_IT\" \/>\n<meta property=\"og:type\" content=\"article\" \/>\n<meta property=\"og:title\" content=\"Pilates posturale - Valeria Bellantuono Experience\" \/>\n<meta property=\"og:description\" content=\"Vuoi restare in forma e migliorare il tuo assetto posturale? Il Pilates \u00e8 la disciplina che fa per te! Un metodo di allenamento molto apprezzato.\" \/>\n<meta property=\"og:url\" content=\"https:\/\/valeriabellantuono.it\/index.php\/prodotto\/pilates-posturale\/\" \/>\n<meta property=\"og:site_name\" content=\"Valeria Bellantuono Experience\" \/>\n<meta property=\"article:publisher\" content=\"https:\/\/www.facebook.com\/vale.bellantuono\" \/>\n<meta property=\"article:modified_time\" content=\"2025-09-20T07:07:32+00:00\" \/>\n<meta property=\"og:image\" content=\"https:\/\/valeriabellantuono.it\/wp-content\/uploads\/2023\/09\/Valeria-Bellantuono-023-scaled-e1725096707305.jpg\" \/>\n\t<meta property=\"og:image:width\" content=\"1706\" \/>\n\t<meta property=\"og:image:height\" content=\"1706\" \/>\n\t<meta property=\"og:image:type\" content=\"image\/jpeg\" \/>\n<meta name=\"twitter:card\" content=\"summary_large_image\" \/>\n<meta name=\"twitter:label1\" content=\"Tempo di lettura stimato\" \/>\n\t<meta name=\"twitter:data1\" content=\"1 minuto\" \/>\n<script type=\"application\/ld+json\" class=\"yoast-schema-graph\">{\"@context\":\"https:\\\/\\\/schema.org\",\"@graph\":[{\"@type\":\"WebPage\",\"@id\":\"https:\\\/\\\/valeriabellantuono.it\\\/index.php\\\/prodotto\\\/pilates-posturale\\\/\",\"url\":\"https:\\\/\\\/valeriabellantuono.it\\\/index.php\\\/prodotto\\\/pilates-posturale\\\/\",\"name\":\"Pilates posturale - Valeria Bellantuono Experience\",\"isPartOf\":{\"@id\":\"https:\\\/\\\/valeriabellantuono.it\\\/#website\"},\"primaryImageOfPage\":{\"@id\":\"https:\\\/\\\/valeriabellantuono.it\\\/index.php\\\/prodotto\\\/pilates-posturale\\\/#primaryimage\"},\"image\":{\"@id\":\"https:\\\/\\\/valeriabellantuono.it\\\/index.php\\\/prodotto\\\/pilates-posturale\\\/#primaryimage\"},\"thumbnailUrl\":\"https:\\\/\\\/valeriabellantuono.it\\\/wp-content\\\/uploads\\\/2023\\\/09\\\/Valeria-Bellantuono-023-scaled-e1725096707305.jpg\",\"datePublished\":\"2023-09-08T20:30:17+00:00\",\"dateModified\":\"2025-09-20T07:07:32+00:00\",\"description\":\"Vuoi restare in forma e migliorare il tuo assetto posturale? Il Pilates \u00e8 la disciplina che fa per te! Un metodo di allenamento molto apprezzato.\",\"breadcrumb\":{\"@id\":\"https:\\\/\\\/valeriabellantuono.it\\\/index.php\\\/prodotto\\\/pilates-posturale\\\/#breadcrumb\"},\"inLanguage\":\"it-IT\",\"potentialAction\":[{\"@type\":\"ReadAction\",\"target\":[\"https:\\\/\\\/valeriabellantuono.it\\\/index.php\\\/prodotto\\\/pilates-posturale\\\/\"]}]},{\"@type\":\"ImageObject\",\"inLanguage\":\"it-IT\",\"@id\":\"https:\\\/\\\/valeriabellantuono.it\\\/index.php\\\/prodotto\\\/pilates-posturale\\\/#primaryimage\",\"url\":\"https:\\\/\\\/valeriabellantuono.it\\\/wp-content\\\/uploads\\\/2023\\\/09\\\/Valeria-Bellantuono-023-scaled-e1725096707305.jpg\",\"contentUrl\":\"https:\\\/\\\/valeriabellantuono.it\\\/wp-content\\\/uploads\\\/2023\\\/09\\\/Valeria-Bellantuono-023-scaled-e1725096707305.jpg\",\"width\":1706,\"height\":1706},{\"@type\":\"BreadcrumbList\",\"@id\":\"https:\\\/\\\/valeriabellantuono.it\\\/index.php\\\/prodotto\\\/pilates-posturale\\\/#breadcrumb\",\"itemListElement\":[{\"@type\":\"ListItem\",\"position\":1,\"name\":\"Home\",\"item\":\"https:\\\/\\\/valeriabellantuono.it\\\/\"},{\"@type\":\"ListItem\",\"position\":2,\"name\":\"Esperienze\",\"item\":\"https:\\\/\\\/valeriabellantuono.it\\\/index.php\\\/negozio\\\/\"},{\"@type\":\"ListItem\",\"position\":3,\"name\":\"Pilates posturale\"}]},{\"@type\":\"WebSite\",\"@id\":\"https:\\\/\\\/valeriabellantuono.it\\\/#website\",\"url\":\"https:\\\/\\\/valeriabellantuono.it\\\/\",\"name\":\"Valeria Bellantuono Experience\",\"description\":\"Escursioni, viaggi e benessere del corpo e della mente\",\"publisher\":{\"@id\":\"https:\\\/\\\/valeriabellantuono.it\\\/#organization\"},\"potentialAction\":[{\"@type\":\"SearchAction\",\"target\":{\"@type\":\"EntryPoint\",\"urlTemplate\":\"https:\\\/\\\/valeriabellantuono.it\\\/?s={search_term_string}\"},\"query-input\":{\"@type\":\"PropertyValueSpecification\",\"valueRequired\":true,\"valueName\":\"search_term_string\"}}],\"inLanguage\":\"it-IT\"},{\"@type\":\"Organization\",\"@id\":\"https:\\\/\\\/valeriabellantuono.it\\\/#organization\",\"name\":\"Valeria Bellantuono Experience\",\"url\":\"https:\\\/\\\/valeriabellantuono.it\\\/\",\"logo\":{\"@type\":\"ImageObject\",\"inLanguage\":\"it-IT\",\"@id\":\"https:\\\/\\\/valeriabellantuono.it\\\/#\\\/schema\\\/logo\\\/image\\\/\",\"url\":\"https:\\\/\\\/valeriabellantuono.it\\\/wp-content\\\/uploads\\\/2023\\\/08\\\/logo-compatto.png\",\"contentUrl\":\"https:\\\/\\\/valeriabellantuono.it\\\/wp-content\\\/uploads\\\/2023\\\/08\\\/logo-compatto.png\",\"width\":881,\"height\":342,\"caption\":\"Valeria Bellantuono Experience\"},\"image\":{\"@id\":\"https:\\\/\\\/valeriabellantuono.it\\\/#\\\/schema\\\/logo\\\/image\\\/\"},\"sameAs\":[\"https:\\\/\\\/www.facebook.com\\\/vale.bellantuono\",\"https:\\\/\\\/www.instagram.com\\\/valeria.bellantuono\\\/\"]}]}<\/script>\n<!-- \/ Yoast SEO plugin. -->","yoast_head_json":{"title":"Pilates posturale - Valeria Bellantuono Experience","description":"Vuoi restare in forma e migliorare il tuo assetto posturale? Il Pilates \u00e8 la disciplina che fa per te! Un metodo di allenamento molto apprezzato.","robots":{"index":"index","follow":"follow","max-snippet":"max-snippet:-1","max-image-preview":"max-image-preview:large","max-video-preview":"max-video-preview:-1"},"canonical":"https:\/\/valeriabellantuono.it\/index.php\/prodotto\/pilates-posturale\/","og_locale":"it_IT","og_type":"article","og_title":"Pilates posturale - Valeria Bellantuono Experience","og_description":"Vuoi restare in forma e migliorare il tuo assetto posturale? Il Pilates \u00e8 la disciplina che fa per te! Un metodo di allenamento molto apprezzato.","og_url":"https:\/\/valeriabellantuono.it\/index.php\/prodotto\/pilates-posturale\/","og_site_name":"Valeria Bellantuono Experience","article_publisher":"https:\/\/www.facebook.com\/vale.bellantuono","article_modified_time":"2025-09-20T07:07:32+00:00","og_image":[{"width":1706,"height":1706,"url":"https:\/\/valeriabellantuono.it\/wp-content\/uploads\/2023\/09\/Valeria-Bellantuono-023-scaled-e1725096707305.jpg","type":"image\/jpeg"}],"twitter_card":"summary_large_image","twitter_misc":{"Tempo di lettura stimato":"1 minuto"},"schema":{"@context":"https:\/\/schema.org","@graph":[{"@type":"WebPage","@id":"https:\/\/valeriabellantuono.it\/index.php\/prodotto\/pilates-posturale\/","url":"https:\/\/valeriabellantuono.it\/index.php\/prodotto\/pilates-posturale\/","name":"Pilates posturale - Valeria Bellantuono Experience","isPartOf":{"@id":"https:\/\/valeriabellantuono.it\/#website"},"primaryImageOfPage":{"@id":"https:\/\/valeriabellantuono.it\/index.php\/prodotto\/pilates-posturale\/#primaryimage"},"image":{"@id":"https:\/\/valeriabellantuono.it\/index.php\/prodotto\/pilates-posturale\/#primaryimage"},"thumbnailUrl":"https:\/\/valeriabellantuono.it\/wp-content\/uploads\/2023\/09\/Valeria-Bellantuono-023-scaled-e1725096707305.jpg","datePublished":"2023-09-08T20:30:17+00:00","dateModified":"2025-09-20T07:07:32+00:00","description":"Vuoi restare in forma e migliorare il tuo assetto posturale? Il Pilates \u00e8 la disciplina che fa per te! Un metodo di allenamento molto apprezzato.","breadcrumb":{"@id":"https:\/\/valeriabellantuono.it\/index.php\/prodotto\/pilates-posturale\/#breadcrumb"},"inLanguage":"it-IT","potentialAction":[{"@type":"ReadAction","target":["https:\/\/valeriabellantuono.it\/index.php\/prodotto\/pilates-posturale\/"]}]},{"@type":"ImageObject","inLanguage":"it-IT","@id":"https:\/\/valeriabellantuono.it\/index.php\/prodotto\/pilates-posturale\/#primaryimage","url":"https:\/\/valeriabellantuono.it\/wp-content\/uploads\/2023\/09\/Valeria-Bellantuono-023-scaled-e1725096707305.jpg","contentUrl":"https:\/\/valeriabellantuono.it\/wp-content\/uploads\/2023\/09\/Valeria-Bellantuono-023-scaled-e1725096707305.jpg","width":1706,"height":1706},{"@type":"BreadcrumbList","@id":"https:\/\/valeriabellantuono.it\/index.php\/prodotto\/pilates-posturale\/#breadcrumb","itemListElement":[{"@type":"ListItem","position":1,"name":"Home","item":"https:\/\/valeriabellantuono.it\/"},{"@type":"ListItem","position":2,"name":"Esperienze","item":"https:\/\/valeriabellantuono.it\/index.php\/negozio\/"},{"@type":"ListItem","position":3,"name":"Pilates posturale"}]},{"@type":"WebSite","@id":"https:\/\/valeriabellantuono.it\/#website","url":"https:\/\/valeriabellantuono.it\/","name":"Valeria Bellantuono Experience","description":"Escursioni, viaggi e benessere del corpo e della mente","publisher":{"@id":"https:\/\/valeriabellantuono.it\/#organization"},"potentialAction":[{"@type":"SearchAction","target":{"@type":"EntryPoint","urlTemplate":"https:\/\/valeriabellantuono.it\/?s={search_term_string}"},"query-input":{"@type":"PropertyValueSpecification","valueRequired":true,"valueName":"search_term_string"}}],"inLanguage":"it-IT"},{"@type":"Organization","@id":"https:\/\/valeriabellantuono.it\/#organization","name":"Valeria Bellantuono Experience","url":"https:\/\/valeriabellantuono.it\/","logo":{"@type":"ImageObject","inLanguage":"it-IT","@id":"https:\/\/valeriabellantuono.it\/#\/schema\/logo\/image\/","url":"https:\/\/valeriabellantuono.it\/wp-content\/uploads\/2023\/08\/logo-compatto.png","contentUrl":"https:\/\/valeriabellantuono.it\/wp-content\/uploads\/2023\/08\/logo-compatto.png","width":881,"height":342,"caption":"Valeria Bellantuono Experience"},"image":{"@id":"https:\/\/valeriabellantuono.it\/#\/schema\/logo\/image\/"},"sameAs":["https:\/\/www.facebook.com\/vale.bellantuono","https:\/\/www.instagram.com\/valeria.bellantuono\/"]}]}},"publishpress_future_action":{"enabled":false,"date":"2026-04-25 01:43:22","action":"category-add","newStatus":"draft","terms":[24],"taxonomy":"product_cat","extraData":[]},"publishpress_future_workflow_manual_trigger":{"enabledWorkflows":[]},"_links":{"self":[{"href":"https:\/\/valeriabellantuono.it\/index.php\/wp-json\/wp\/v2\/product\/432","targetHints":{"allow":["GET"]}}],"collection":[{"href":"https:\/\/valeriabellantuono.it\/index.php\/wp-json\/wp\/v2\/product"}],"about":[{"href":"https:\/\/valeriabellantuono.it\/index.php\/wp-json\/wp\/v2\/types\/product"}],"wp:featuredmedia":[{"embeddable":true,"href":"https:\/\/valeriabellantuono.it\/index.php\/wp-json\/wp\/v2\/media\/3582"}],"wp:attachment":[{"href":"https:\/\/valeriabellantuono.it\/index.php\/wp-json\/wp\/v2\/media?parent=432"}],"wp:term":[{"taxonomy":"product_brand","embeddable":true,"href":"https:\/\/valeriabellantuono.it\/index.php\/wp-json\/wp\/v2\/product_brand?post=432"},{"taxonomy":"product_cat","embeddable":true,"href":"https:\/\/valeriabellantuono.it\/index.php\/wp-json\/wp\/v2\/product_cat?post=432"},{"taxonomy":"product_tag","embeddable":true,"href":"https:\/\/valeriabellantuono.it\/index.php\/wp-json\/wp\/v2\/product_tag?post=432"}],"curies":[{"name":"wp","href":"https:\/\/api.w.org\/{rel}","templated":true}]}}